{"id":8,"date":"2026-02-26T13:30:46","date_gmt":"2026-02-26T13:30:46","guid":{"rendered":"https:\/\/reservation.ikeros.net\/?page_id=8"},"modified":"2026-02-27T17:37:34","modified_gmt":"2026-02-27T16:37:34","slug":"diocese-angers-cathedrale","status":"publish","type":"page","link":"https:\/\/reservation.ikeros.net\/index.php\/diocese-angers-cathedrale\/","title":{"rendered":"Cath\u00e9drale Saint-Maurice d&rsquo;Angers"},"content":{"rendered":"\n<div class=\"wp-block-group has-border-color has-base-2-background-color has-background has-global-padding is-layout-constrained wp-container-core-group-is-layout-86dba5ee wp-block-group-is-layout-constrained\" style=\"border-color:#b5bdbc;border-width:1px;border-top-left-radius:20px;border-top-right-radius:20px;border-bottom-left-radius:20px;border-bottom-right-radius:20px;padding-top:var(--wp--preset--spacing--10);padding-right:var(--wp--preset--spacing--10);padding-bottom:var(--wp--preset--spacing--10);padding-left:var(--wp--preset--spacing--10)\">\n<h1 class=\"wp-block-heading has-text-align-center\">R\u00e9servation de visite<\/h1>\n\n\n\n<figure class=\"wp-block-image aligncenter size-medium is-resized has-custom-border\"><img loading=\"lazy\" decoding=\"async\" width=\"240\" height=\"300\" src=\"https:\/\/reservation.ikeros.net\/wp-content\/uploads\/2026\/02\/cathedrale-saint-maurice-240x300.webp\" alt=\"cathedrale-saint-maurice\" class=\"wp-image-52\" style=\"border-top-left-radius:20px;border-top-right-radius:20px;border-bottom-left-radius:20px;border-bottom-right-radius:20px;width:150px\" srcset=\"https:\/\/reservation.ikeros.net\/wp-content\/uploads\/2026\/02\/cathedrale-saint-maurice-240x300.webp 240w, https:\/\/reservation.ikeros.net\/wp-content\/uploads\/2026\/02\/cathedrale-saint-maurice-819x1024.webp 819w, https:\/\/reservation.ikeros.net\/wp-content\/uploads\/2026\/02\/cathedrale-saint-maurice-768x960.webp 768w, https:\/\/reservation.ikeros.net\/wp-content\/uploads\/2026\/02\/cathedrale-saint-maurice.webp 960w\" sizes=\"auto, (max-width: 240px) 100vw, 240px\" \/><\/figure>\n\n\n\n<h2 class=\"wp-block-heading has-text-align-center\">Cath\u00e9drale Saint-Maurice<\/h2>\n\n\n\n<p class=\"has-text-align-center\">Gratuit<\/p>\n\n\n\n<p class=\"has-text-align-center\">Dur\u00e9e 1 heure<\/p>\n\n\n\n\n<div class=\"wpcf7 no-js\" id=\"wpcf7-f7-o1\" lang=\"fr-FR\" dir=\"ltr\" data-wpcf7-id=\"7\">\n<div class=\"screen-reader-response\"><p role=\"status\" aria-live=\"polite\" aria-atomic=\"true\"><\/p> <ul><\/ul><\/div>\n<form action=\"\/index.php\/wp-json\/wp\/v2\/pages\/8#wpcf7-f7-o1\" method=\"post\" class=\"wpcf7-form init\" aria-label=\"Formulaire de contact\" novalidate=\"novalidate\" data-status=\"init\">\n<fieldset class=\"hidden-fields-container\"><input type=\"hidden\" name=\"_wpcf7\" value=\"7\" \/><input type=\"hidden\" name=\"_wpcf7_version\" value=\"6.1.5\" \/><input type=\"hidden\" name=\"_wpcf7_locale\" value=\"fr_FR\" \/><input type=\"hidden\" name=\"_wpcf7_unit_tag\" value=\"wpcf7-f7-o1\" \/><input type=\"hidden\" name=\"_wpcf7_container_post\" value=\"0\" \/><input type=\"hidden\" name=\"_wpcf7_posted_data_hash\" value=\"\" \/>\n<\/fieldset>\n<input class=\"wpcf7-form-control wpcf7-hidden\" value=\"8\" type=\"hidden\" name=\"post_id\" \/>\n<p><span class=\"wpcf7-form-control-wrap\" data-name=\"nom\"><input size=\"40\" maxlength=\"400\" class=\"wpcf7-form-control wpcf7-text wpcf7-validates-as-required\" aria-required=\"true\" aria-invalid=\"false\" placeholder=\"Nom\" value=\"\" type=\"text\" name=\"nom\" \/><\/span><br \/>\n<span class=\"wpcf7-form-control-wrap\" data-name=\"prenom\"><input size=\"40\" maxlength=\"400\" class=\"wpcf7-form-control wpcf7-text wpcf7-validates-as-required\" aria-required=\"true\" aria-invalid=\"false\" placeholder=\"Pr\u00e9nom\" value=\"\" type=\"text\" name=\"prenom\" \/><\/span>\n<\/p>\n<p><span class=\"wpcf7-form-control-wrap\" data-name=\"email\"><input size=\"40\" maxlength=\"400\" class=\"wpcf7-form-control wpcf7-email wpcf7-validates-as-required wpcf7-text wpcf7-validates-as-email\" aria-required=\"true\" aria-invalid=\"false\" placeholder=\"Email\" value=\"\" type=\"email\" name=\"email\" \/><\/span><br \/>\n<span class=\"wpcf7-form-control-wrap\" data-name=\"telephone\"><input size=\"40\" maxlength=\"400\" class=\"wpcf7-form-control wpcf7-tel wpcf7-validates-as-required wpcf7-text wpcf7-validates-as-tel\" aria-required=\"true\" aria-invalid=\"false\" placeholder=\"T\u00e9l\u00e9phone\" value=\"\" type=\"tel\" name=\"telephone\" \/><\/span>\n<\/p>\n<input class=\"wpcf7-form-control wpcf7-hidden\" id=\"creneau-hidden\" value=\"Aucun cr\u00e9neau disponible\" type=\"hidden\" name=\"creneau\" \/>\n<p><span class=\"wpcf7-form-control-wrap\" data-name=\"date_visite\"><input size=\"40\" maxlength=\"400\" class=\"wpcf7-form-control wpcf7-text wpcf7-validates-as-required\" id=\"date-visite\" aria-required=\"true\" aria-invalid=\"false\" value=\"\" type=\"text\" name=\"date_visite\" \/><\/span>\n<\/p>\n<p><label>Nombre de visiteurs suppl\u00e9mentaires<\/label><br \/>\n<span class=\"wpcf7-form-control-wrap\" data-name=\"nb_visiteurs\"><select class=\"wpcf7-form-control wpcf7-select wpcf7-validates-as-required\" id=\"nb_visiteurs\" aria-required=\"true\" aria-invalid=\"false\" name=\"nb_visiteurs\"><option value=\"0\">0<\/option><option value=\"1\">1<\/option><option value=\"2\">2<\/option><option value=\"3\">3<\/option><option value=\"4\">4<\/option><option value=\"5\">5<\/option><option value=\"6\">6<\/option><option value=\"7\">7<\/option><option value=\"8\">8<\/option><option value=\"9\">9<\/option><option value=\"10\">10<\/option><\/select><\/span>\n<\/p>\n<div id=\"visiteurs-wrapper\">\n<\/div>\n<input class=\"wpcf7-form-control wpcf7-hidden\" id=\"precision\" value=\"\" type=\"hidden\" name=\"precision\" \/>\n<p><span class=\"wpcf7-form-control-wrap\" data-name=\"commentaire\"><textarea cols=\"40\" rows=\"10\" maxlength=\"2000\" class=\"wpcf7-form-control wpcf7-textarea\" aria-invalid=\"false\" placeholder=\"Commentaire\" name=\"commentaire\"><\/textarea><\/span>\n<\/p>\n<p><input class=\"wpcf7-form-control wpcf7-submit has-spinner\" type=\"submit\" value=\"R\u00e9server\" \/>\n<\/p><div class=\"wpcf7-response-output\" aria-hidden=\"true\"><\/div>\n<\/form>\n<\/div>\n\n<\/div>\n","protected":false},"excerpt":{"rendered":"<p>R\u00e9servation de visite Cath\u00e9drale Saint-Maurice Gratuit Dur\u00e9e 1 heure<\/p>\n","protected":false},"author":1,"featured_media":0,"parent":0,"menu_order":0,"comment_status":"closed","ping_status":"closed","template":"page-no-title","meta":{"footnotes":""},"class_list":["post-8","page","type-page","status-publish","hentry"],"_links":{"self":[{"href":"https:\/\/reservation.ikeros.net\/index.php\/wp-json\/wp\/v2\/pages\/8","targetHints":{"allow":["GET"]}}],"collection":[{"href":"https:\/\/reservation.ikeros.net\/index.php\/wp-json\/wp\/v2\/pages"}],"about":[{"href":"https:\/\/reservation.ikeros.net\/index.php\/wp-json\/wp\/v2\/types\/page"}],"author":[{"embeddable":true,"href":"https:\/\/reservation.ikeros.net\/index.php\/wp-json\/wp\/v2\/users\/1"}],"replies":[{"embeddable":true,"href":"https:\/\/reservation.ikeros.net\/index.php\/wp-json\/wp\/v2\/comments?post=8"}],"version-history":[{"count":41,"href":"https:\/\/reservation.ikeros.net\/index.php\/wp-json\/wp\/v2\/pages\/8\/revisions"}],"predecessor-version":[{"id":63,"href":"https:\/\/reservation.ikeros.net\/index.php\/wp-json\/wp\/v2\/pages\/8\/revisions\/63"}],"wp:attachment":[{"href":"https:\/\/reservation.ikeros.net\/index.php\/wp-json\/wp\/v2\/media?parent=8"}],"curies":[{"name":"wp","href":"https:\/\/api.w.org\/{rel}","templated":true}]}}